{"id":507,"date":"2025-05-12T15:51:37","date_gmt":"2025-05-12T13:51:37","guid":{"rendered":"https:\/\/arbud.info\/?page_id=507"},"modified":"2025-05-12T16:45:37","modified_gmt":"2025-05-12T14:45:37","slug":"arbudinfo","status":"publish","type":"page","link":"https:\/\/arbud.info\/","title":{"rendered":"arbudinfo"},"content":{"rendered":"\t\t<div data-elementor-type=\"wp-page\" data-elementor-id=\"507\" class=\"elementor elementor-507\">\n\t\t\t\t<div class=\"elementor-element elementor-element-bb0fec1 e-flex e-con-boxed e-con e-parent\" data-id=\"bb0fec1\" data-element_type=\"container\">\n\t\t\t\t\t<div class=\"e-con-inner\">\n\t\t\t\t<div class=\"elementor-element elementor-element-4bae48c elementor-widget elementor-widget-image\" data-id=\"4bae48c\" data-element_type=\"widget\" data-widget_type=\"image.default\">\n\t\t\t\t\t\t\t\t\t\t\t\t\t\t\t<img fetchpriority=\"high\" decoding=\"async\" width=\"300\" height=\"209\" src=\"https:\/\/arbud.info\/wp-content\/uploads\/2025\/05\/arbulogo-300x209-1.webp\" class=\"attachment-large size-large wp-image-517\" alt=\"\" \/>\t\t\t\t\t\t\t\t\t\t\t\t\t\t\t<\/div>\n\t\t\t\t\t<\/div>\n\t\t\t\t<\/div>\n\t\t<div class=\"elementor-element elementor-element-f5850bf e-flex e-con-boxed e-con e-parent\" data-id=\"f5850bf\" data-element_type=\"container\">\n\t\t\t\t\t<div class=\"e-con-inner\">\n\t\t\t\t<div class=\"elementor-element elementor-element-114a424 elementor-widget elementor-widget-text-editor\" data-id=\"114a424\" data-element_type=\"widget\" data-widget_type=\"text-editor.default\">\n\t\t\t\t\t\t\t\t\t<p style=\"text-align: center;\">STRONA W BUDOWIE.\u00a0<\/p>\t\t\t\t\t\t\t\t<\/div>\n\t\t\t\t\t<\/div>\n\t\t\t\t<\/div>\n\t\t<div class=\"elementor-element elementor-element-a438bc4 e-flex e-con-boxed e-con e-parent\" data-id=\"a438bc4\" data-element_type=\"container\">\n\t\t\t\t\t<div class=\"e-con-inner\">\n\t\t\t\t<div class=\"elementor-element elementor-element-d151b6b elementor-widget elementor-widget-text-editor\" data-id=\"d151b6b\" data-element_type=\"widget\" data-widget_type=\"text-editor.default\">\n\t\t\t\t\t\t\t\t\t<p style=\"text-align: center;\">SPRAWD\u0179 NASZE INWESTYCJE:<\/p>\t\t\t\t\t\t\t\t<\/div>\n\t\t\t\t\t<\/div>\n\t\t\t\t<\/div>\n\t\t<div class=\"elementor-element elementor-element-7f93880 e-flex e-con-boxed e-con e-parent\" data-id=\"7f93880\" data-element_type=\"container\">\n\t\t\t\t\t<div class=\"e-con-inner\">\n\t\t<div class=\"elementor-element elementor-element-22000ba e-con-full e-flex e-con e-child\" data-id=\"22000ba\" data-element_type=\"container\">\n\t\t\t\t<div class=\"elementor-element elementor-element-b2289de elementor-widget elementor-widget-image\" data-id=\"b2289de\" data-element_type=\"widget\" data-widget_type=\"image.default\">\n\t\t\t\t\t\t\t\t\t\t\t\t\t\t\t\t<a href=\"http:\/\/www.greenparkdebica.pl\" target=\"_blank\">\n\t\t\t\t\t\t\t<img decoding=\"async\" width=\"800\" height=\"566\" src=\"https:\/\/arbud.info\/wp-content\/uploads\/2025\/05\/green_park_2025_1000.jpg\" class=\"attachment-large size-large wp-image-518\" alt=\"\" srcset=\"https:\/\/arbud.info\/wp-content\/uploads\/2025\/05\/green_park_2025_1000.jpg 1000w, https:\/\/arbud.info\/wp-content\/uploads\/2025\/05\/green_park_2025_1000-300x212.jpg 300w, https:\/\/arbud.info\/wp-content\/uploads\/2025\/05\/green_park_2025_1000-768x543.jpg 768w\" sizes=\"(max-width: 800px) 100vw, 800px\" \/>\t\t\t\t\t\t\t\t<\/a>\n\t\t\t\t\t\t\t\t\t\t\t\t\t\t\t<\/div>\n\t\t\t\t<\/div>\n\t\t<div class=\"elementor-element elementor-element-37a80cd e-con-full e-flex e-con e-child\" data-id=\"37a80cd\" data-element_type=\"container\">\n\t\t\t\t<div class=\"elementor-element elementor-element-e415dc1 elementor-widget elementor-widget-image\" data-id=\"e415dc1\" data-element_type=\"widget\" data-widget_type=\"image.default\">\n\t\t\t\t\t\t\t\t\t\t\t\t\t\t\t\t<a href=\"http:\/\/www.apartamentykwadrat.pl\" target=\"_blank\">\n\t\t\t\t\t\t\t<img decoding=\"async\" width=\"800\" height=\"314\" src=\"https:\/\/arbud.info\/wp-content\/uploads\/2025\/05\/apartamentyKWADRAT_logo_1000.png\" class=\"attachment-large size-large wp-image-523\" alt=\"\" srcset=\"https:\/\/arbud.info\/wp-content\/uploads\/2025\/05\/apartamentyKWADRAT_logo_1000.png 1000w, https:\/\/arbud.info\/wp-content\/uploads\/2025\/05\/apartamentyKWADRAT_logo_1000-300x118.png 300w, https:\/\/arbud.info\/wp-content\/uploads\/2025\/05\/apartamentyKWADRAT_logo_1000-768x302.png 768w\" sizes=\"(max-width: 800px) 100vw, 800px\" \/>\t\t\t\t\t\t\t\t<\/a>\n\t\t\t\t\t\t\t\t\t\t\t\t\t\t\t<\/div>\n\t\t\t\t<\/div>\n\t\t<div class=\"elementor-element elementor-element-42d266a e-con-full e-flex e-con e-child\" data-id=\"42d266a\" data-element_type=\"container\">\n\t\t\t\t<div class=\"elementor-element elementor-element-7bba425 elementor-widget elementor-widget-image\" data-id=\"7bba425\" data-element_type=\"widget\" data-widget_type=\"image.default\">\n\t\t\t\t\t\t\t\t\t\t\t\t\t\t\t\t<a href=\"http:\/\/www.kameralnedelux.pl\" target=\"_blank\">\n\t\t\t\t\t\t\t<img loading=\"lazy\" decoding=\"async\" width=\"800\" height=\"317\" src=\"https:\/\/arbud.info\/wp-content\/uploads\/2023\/01\/Kameralne-Delux.png\" class=\"attachment-large size-large wp-image-295\" alt=\"\" srcset=\"https:\/\/arbud.info\/wp-content\/uploads\/2023\/01\/Kameralne-Delux.png 1000w, https:\/\/arbud.info\/wp-content\/uploads\/2023\/01\/Kameralne-Delux-300x119.png 300w, https:\/\/arbud.info\/wp-content\/uploads\/2023\/01\/Kameralne-Delux-768x304.png 768w\" sizes=\"(max-width: 800px) 100vw, 800px\" \/>\t\t\t\t\t\t\t\t<\/a>\n\t\t\t\t\t\t\t\t\t\t\t\t\t\t\t<\/div>\n\t\t\t\t<\/div>\n\t\t<div class=\"elementor-element elementor-element-cf93a37 e-con-full e-flex e-con e-child\" data-id=\"cf93a37\" data-element_type=\"container\">\n\t\t\t\t<div class=\"elementor-element elementor-element-e05e676 elementor-widget elementor-widget-image\" data-id=\"e05e676\" data-element_type=\"widget\" data-widget_type=\"image.default\">\n\t\t\t\t\t\t\t\t\t\t\t\t\t\t\t\t<a href=\"http:\/\/www.mono-haus.pl\" target=\"_blank\">\n\t\t\t\t\t\t\t<img loading=\"lazy\" decoding=\"async\" width=\"800\" height=\"566\" src=\"https:\/\/arbud.info\/wp-content\/uploads\/2025\/05\/mono_haus_logo-1024x724.webp\" class=\"attachment-large size-large wp-image-524\" alt=\"\" srcset=\"https:\/\/arbud.info\/wp-content\/uploads\/2025\/05\/mono_haus_logo-1024x724.webp 1024w, https:\/\/arbud.info\/wp-content\/uploads\/2025\/05\/mono_haus_logo-300x212.webp 300w, https:\/\/arbud.info\/wp-content\/uploads\/2025\/05\/mono_haus_logo-768x543.webp 768w, https:\/\/arbud.info\/wp-content\/uploads\/2025\/05\/mono_haus_logo-1536x1086.webp 1536w, https:\/\/arbud.info\/wp-content\/uploads\/2025\/05\/mono_haus_logo.webp 1920w\" sizes=\"(max-width: 800px) 100vw, 800px\" \/>\t\t\t\t\t\t\t\t<\/a>\n\t\t\t\t\t\t\t\t\t\t\t\t\t\t\t<\/div>\n\t\t\t\t<\/div>\n\t\t\t\t\t<\/div>\n\t\t\t\t<\/div>\n\t\t<div class=\"elementor-element elementor-element-3262b2f e-flex e-con-boxed e-con e-parent\" data-id=\"3262b2f\" data-element_type=\"container\">\n\t\t\t\t\t<div class=\"e-con-inner\">\n\t\t\t\t<div class=\"elementor-element elementor-element-169c681 elementor-widget elementor-widget-text-editor\" data-id=\"169c681\" data-element_type=\"widget\" data-widget_type=\"text-editor.default\">\n\t\t\t\t\t\t\t\t\t<p style=\"text-align: center;\">BIURO SPRZEDA\u017bY:<\/p>\t\t\t\t\t\t\t\t<\/div>\n\t\t\t\t\t<\/div>\n\t\t\t\t<\/div>\n\t\t<div class=\"elementor-element elementor-element-a62db8a e-flex e-con-boxed e-con e-parent\" data-id=\"a62db8a\" data-element_type=\"container\">\n\t\t\t\t\t<div class=\"e-con-inner\">\n\t\t<div class=\"elementor-element elementor-element-525708d e-con-full e-flex e-con e-child\" data-id=\"525708d\" data-element_type=\"container\">\n\t\t\t\t<div class=\"elementor-element elementor-element-64369d4 elementor-widget elementor-widget-image\" data-id=\"64369d4\" data-element_type=\"widget\" data-widget_type=\"image.default\">\n\t\t\t\t\t\t\t\t\t\t\t\t\t\t\t\t<a href=\"http:\/\/www.property.net.pl\" target=\"_blank\">\n\t\t\t\t\t\t\t<img loading=\"lazy\" decoding=\"async\" width=\"300\" height=\"151\" src=\"https:\/\/arbud.info\/wp-content\/uploads\/2023\/01\/property_1x1-e1673324248831-300x151.png\" class=\"attachment-medium size-medium wp-image-90\" alt=\"\" srcset=\"https:\/\/arbud.info\/wp-content\/uploads\/2023\/01\/property_1x1-e1673324248831-300x151.png 300w, https:\/\/arbud.info\/wp-content\/uploads\/2023\/01\/property_1x1-e1673324248831-1024x517.png 1024w, https:\/\/arbud.info\/wp-content\/uploads\/2023\/01\/property_1x1-e1673324248831-768x388.png 768w, https:\/\/arbud.info\/wp-content\/uploads\/2023\/01\/property_1x1-e1673324248831-1536x775.png 1536w, https:\/\/arbud.info\/wp-content\/uploads\/2023\/01\/property_1x1-e1673324248831-2048x1034.png 2048w\" sizes=\"(max-width: 300px) 100vw, 300px\" \/>\t\t\t\t\t\t\t\t<\/a>\n\t\t\t\t\t\t\t\t\t\t\t\t\t\t\t<\/div>\n\t\t\t\t<\/div>\n\t\t<div class=\"elementor-element elementor-element-aed90c2 e-con-full e-flex e-con e-child\" data-id=\"aed90c2\" data-element_type=\"container\">\n\t\t\t\t<div class=\"elementor-element elementor-element-12d454b elementor-widget elementor-widget-text-editor\" data-id=\"12d454b\" data-element_type=\"widget\" data-widget_type=\"text-editor.default\">\n\t\t\t\t\t\t\t\t\t<p style=\"text-align: center;\">PROPERTY NIERUCHOMO\u015aCI<br \/>\u0141uaksz \u015alusarczyk<br \/><br \/>ulica Stra\u017cacka 9<br \/>(I pi\u0119tro)<br \/>39-200 D\u0119bica<\/p>\t\t\t\t\t\t\t\t<\/div>\n\t\t\t\t<\/div>\n\t\t\t\t\t<\/div>\n\t\t\t\t<\/div>\n\t\t<div class=\"elementor-element elementor-element-094a1ec e-flex e-con-boxed e-con e-parent\" data-id=\"094a1ec\" data-element_type=\"container\">\n\t\t\t\t\t<div class=\"e-con-inner\">\n\t\t\t\t<div class=\"elementor-element elementor-element-1f809eb elementor-widget elementor-widget-text-editor\" data-id=\"1f809eb\" data-element_type=\"widget\" data-widget_type=\"text-editor.default\">\n\t\t\t\t\t\t\t\t\t<p style=\"text-align: center;\"><span style=\"color: #ffffff;\">szereg\u00f3wki, mieszkania, apartamenty, developer, miejsca postojowe, parking, D\u0119bica, debica, firma budowlana, wykonawca<\/span><\/p>\t\t\t\t\t\t\t\t<\/div>\n\t\t\t\t\t<\/div>\n\t\t\t\t<\/div>\n\t\t\t\t<\/div>\n\t\t","protected":false},"excerpt":{"rendered":"<p>STRONA W BUDOWIE.\u00a0 SPRAWD\u0179 NASZE INWESTYCJE: BIURO SPRZEDA\u017bY: PROPERTY NIERUCHOMO\u015aCI\u0141uaksz \u015alusarczyk ulica Stra\u017cacka 9(I pi\u0119tro)39-200 D\u0119bica szereg\u00f3wki, mieszkania, apartamenty, developer, miejsca postojowe, parking, D\u0119bica, debica, firma budowlana, wykonawca<\/p>\n","protected":false},"author":1,"featured_media":0,"parent":0,"menu_order":0,"comment_status":"closed","ping_status":"closed","template":"elementor_canvas","meta":{"footnotes":""},"class_list":["post-507","page","type-page","status-publish","hentry"],"yoast_head":"<!-- This site is optimized with the Yoast SEO plugin v25.0 - https:\/\/yoast.com\/wordpress\/plugins\/seo\/ -->\n<title>arbudinfo - ARBUD Investment Group Sp. z o.o.<\/title>\n<meta name=\"robots\" content=\"noindex, follow, max-snippet:-1, max-image-preview:large, max-video-preview:-1\" \/>\n<meta property=\"og:locale\" content=\"pl_PL\" \/>\n<meta property=\"og:type\" content=\"article\" \/>\n<meta property=\"og:title\" content=\"arbudinfo - ARBUD Investment Group Sp. z o.o.\" \/>\n<meta property=\"og:description\" content=\"STRONA W BUDOWIE.\u00a0 SPRAWD\u0179 NASZE INWESTYCJE: BIURO SPRZEDA\u017bY: PROPERTY NIERUCHOMO\u015aCI\u0141uaksz \u015alusarczyk ulica Stra\u017cacka 9(I pi\u0119tro)39-200 D\u0119bica szereg\u00f3wki, mieszkania, apartamenty, developer, miejsca postojowe, parking, D\u0119bica, debica, firma budowlana, wykonawca\" \/>\n<meta property=\"og:url\" content=\"https:\/\/arbud.info\/\" \/>\n<meta property=\"og:site_name\" content=\"ARBUD Investment Group Sp. z o.o.\" \/>\n<meta property=\"article:modified_time\" content=\"2025-05-12T14:45:37+00:00\" \/>\n<meta property=\"og:image\" content=\"http:\/\/arbud.info\/wp-content\/uploads\/2025\/05\/arbulogo-300x209-1.webp\" \/>\n<meta name=\"twitter:card\" content=\"summary_large_image\" \/>\n<meta name=\"twitter:label1\" content=\"Szacowany czas czytania\" \/>\n\t<meta name=\"twitter:data1\" content=\"2 minuty\" \/>\n<script type=\"application\/ld+json\" class=\"yoast-schema-graph\">{\"@context\":\"https:\/\/schema.org\",\"@graph\":[{\"@type\":\"WebPage\",\"@id\":\"https:\/\/arbud.info\/\",\"url\":\"https:\/\/arbud.info\/\",\"name\":\"arbudinfo - ARBUD Investment Group Sp. z o.o.\",\"isPartOf\":{\"@id\":\"https:\/\/arbud.info\/#website\"},\"primaryImageOfPage\":{\"@id\":\"https:\/\/arbud.info\/#primaryimage\"},\"image\":{\"@id\":\"https:\/\/arbud.info\/#primaryimage\"},\"thumbnailUrl\":\"http:\/\/arbud.info\/wp-content\/uploads\/2025\/05\/arbulogo-300x209-1.webp\",\"datePublished\":\"2025-05-12T13:51:37+00:00\",\"dateModified\":\"2025-05-12T14:45:37+00:00\",\"breadcrumb\":{\"@id\":\"https:\/\/arbud.info\/#breadcrumb\"},\"inLanguage\":\"pl-PL\",\"potentialAction\":[{\"@type\":\"ReadAction\",\"target\":[\"https:\/\/arbud.info\/\"]}]},{\"@type\":\"ImageObject\",\"inLanguage\":\"pl-PL\",\"@id\":\"https:\/\/arbud.info\/#primaryimage\",\"url\":\"https:\/\/arbud.info\/wp-content\/uploads\/2025\/05\/arbulogo-300x209-1.webp\",\"contentUrl\":\"https:\/\/arbud.info\/wp-content\/uploads\/2025\/05\/arbulogo-300x209-1.webp\",\"width\":300,\"height\":209},{\"@type\":\"BreadcrumbList\",\"@id\":\"https:\/\/arbud.info\/#breadcrumb\",\"itemListElement\":[{\"@type\":\"ListItem\",\"position\":1,\"name\":\"Strona g\u0142\u00f3wna\",\"item\":\"https:\/\/arbud.info\/\"},{\"@type\":\"ListItem\",\"position\":2,\"name\":\"arbudinfo\"}]},{\"@type\":\"WebSite\",\"@id\":\"https:\/\/arbud.info\/#website\",\"url\":\"https:\/\/arbud.info\/\",\"name\":\"ARBUD Investment Group Sp. z o.o.\",\"description\":\"ARBUD Investment Group Sp. z o.o.\",\"publisher\":{\"@id\":\"https:\/\/arbud.info\/#organization\"},\"potentialAction\":[{\"@type\":\"SearchAction\",\"target\":{\"@type\":\"EntryPoint\",\"urlTemplate\":\"https:\/\/arbud.info\/?s={search_term_string}\"},\"query-input\":{\"@type\":\"PropertyValueSpecification\",\"valueRequired\":true,\"valueName\":\"search_term_string\"}}],\"inLanguage\":\"pl-PL\"},{\"@type\":\"Organization\",\"@id\":\"https:\/\/arbud.info\/#organization\",\"name\":\"ARBUD Investment Group Sp. z o.o.\",\"url\":\"https:\/\/arbud.info\/\",\"logo\":{\"@type\":\"ImageObject\",\"inLanguage\":\"pl-PL\",\"@id\":\"https:\/\/arbud.info\/#\/schema\/logo\/image\/\",\"url\":\"https:\/\/arbud.info\/wp-content\/uploads\/2025\/05\/arbulogo-300x209-1.webp\",\"contentUrl\":\"https:\/\/arbud.info\/wp-content\/uploads\/2025\/05\/arbulogo-300x209-1.webp\",\"width\":300,\"height\":209,\"caption\":\"ARBUD Investment Group Sp. z o.o.\"},\"image\":{\"@id\":\"https:\/\/arbud.info\/#\/schema\/logo\/image\/\"}}]}<\/script>\n<!-- \/ Yoast SEO plugin. -->","yoast_head_json":{"title":"arbudinfo - ARBUD Investment Group Sp. z o.o.","robots":{"index":"noindex","follow":"follow","max-snippet":"max-snippet:-1","max-image-preview":"max-image-preview:large","max-video-preview":"max-video-preview:-1"},"og_locale":"pl_PL","og_type":"article","og_title":"arbudinfo - ARBUD Investment Group Sp. z o.o.","og_description":"STRONA W BUDOWIE.\u00a0 SPRAWD\u0179 NASZE INWESTYCJE: BIURO SPRZEDA\u017bY: PROPERTY NIERUCHOMO\u015aCI\u0141uaksz \u015alusarczyk ulica Stra\u017cacka 9(I pi\u0119tro)39-200 D\u0119bica szereg\u00f3wki, mieszkania, apartamenty, developer, miejsca postojowe, parking, D\u0119bica, debica, firma budowlana, wykonawca","og_url":"https:\/\/arbud.info\/","og_site_name":"ARBUD Investment Group Sp. z o.o.","article_modified_time":"2025-05-12T14:45:37+00:00","og_image":[{"url":"http:\/\/arbud.info\/wp-content\/uploads\/2025\/05\/arbulogo-300x209-1.webp","type":"","width":"","height":""}],"twitter_card":"summary_large_image","twitter_misc":{"Szacowany czas czytania":"2 minuty"},"schema":{"@context":"https:\/\/schema.org","@graph":[{"@type":"WebPage","@id":"https:\/\/arbud.info\/","url":"https:\/\/arbud.info\/","name":"arbudinfo - ARBUD Investment Group Sp. z o.o.","isPartOf":{"@id":"https:\/\/arbud.info\/#website"},"primaryImageOfPage":{"@id":"https:\/\/arbud.info\/#primaryimage"},"image":{"@id":"https:\/\/arbud.info\/#primaryimage"},"thumbnailUrl":"http:\/\/arbud.info\/wp-content\/uploads\/2025\/05\/arbulogo-300x209-1.webp","datePublished":"2025-05-12T13:51:37+00:00","dateModified":"2025-05-12T14:45:37+00:00","breadcrumb":{"@id":"https:\/\/arbud.info\/#breadcrumb"},"inLanguage":"pl-PL","potentialAction":[{"@type":"ReadAction","target":["https:\/\/arbud.info\/"]}]},{"@type":"ImageObject","inLanguage":"pl-PL","@id":"https:\/\/arbud.info\/#primaryimage","url":"https:\/\/arbud.info\/wp-content\/uploads\/2025\/05\/arbulogo-300x209-1.webp","contentUrl":"https:\/\/arbud.info\/wp-content\/uploads\/2025\/05\/arbulogo-300x209-1.webp","width":300,"height":209},{"@type":"BreadcrumbList","@id":"https:\/\/arbud.info\/#breadcrumb","itemListElement":[{"@type":"ListItem","position":1,"name":"Strona g\u0142\u00f3wna","item":"https:\/\/arbud.info\/"},{"@type":"ListItem","position":2,"name":"arbudinfo"}]},{"@type":"WebSite","@id":"https:\/\/arbud.info\/#website","url":"https:\/\/arbud.info\/","name":"ARBUD Investment Group Sp. z o.o.","description":"ARBUD Investment Group Sp. z o.o.","publisher":{"@id":"https:\/\/arbud.info\/#organization"},"potentialAction":[{"@type":"SearchAction","target":{"@type":"EntryPoint","urlTemplate":"https:\/\/arbud.info\/?s={search_term_string}"},"query-input":{"@type":"PropertyValueSpecification","valueRequired":true,"valueName":"search_term_string"}}],"inLanguage":"pl-PL"},{"@type":"Organization","@id":"https:\/\/arbud.info\/#organization","name":"ARBUD Investment Group Sp. z o.o.","url":"https:\/\/arbud.info\/","logo":{"@type":"ImageObject","inLanguage":"pl-PL","@id":"https:\/\/arbud.info\/#\/schema\/logo\/image\/","url":"https:\/\/arbud.info\/wp-content\/uploads\/2025\/05\/arbulogo-300x209-1.webp","contentUrl":"https:\/\/arbud.info\/wp-content\/uploads\/2025\/05\/arbulogo-300x209-1.webp","width":300,"height":209,"caption":"ARBUD Investment Group Sp. z o.o."},"image":{"@id":"https:\/\/arbud.info\/#\/schema\/logo\/image\/"}}]}},"_links":{"self":[{"href":"https:\/\/arbud.info\/index.php\/wp-json\/wp\/v2\/pages\/507","targetHints":{"allow":["GET"]}}],"collection":[{"href":"https:\/\/arbud.info\/index.php\/wp-json\/wp\/v2\/pages"}],"about":[{"href":"https:\/\/arbud.info\/index.php\/wp-json\/wp\/v2\/types\/page"}],"author":[{"embeddable":true,"href":"https:\/\/arbud.info\/index.php\/wp-json\/wp\/v2\/users\/1"}],"replies":[{"embeddable":true,"href":"https:\/\/arbud.info\/index.php\/wp-json\/wp\/v2\/comments?post=507"}],"version-history":[{"count":20,"href":"https:\/\/arbud.info\/index.php\/wp-json\/wp\/v2\/pages\/507\/revisions"}],"predecessor-version":[{"id":535,"href":"https:\/\/arbud.info\/index.php\/wp-json\/wp\/v2\/pages\/507\/revisions\/535"}],"wp:attachment":[{"href":"https:\/\/arbud.info\/index.php\/wp-json\/wp\/v2\/media?parent=507"}],"curies":[{"name":"wp","href":"https:\/\/api.w.org\/{rel}","templated":true}]}}